{"id":44,"date":"2015-05-17T06:26:11","date_gmt":"2015-05-17T04:26:11","guid":{"rendered":"http:\/\/ahmad.works\/writing\/?page_id=44"},"modified":"2021-07-22T19:38:28","modified_gmt":"2021-07-22T17:38:28","slug":"about","status":"publish","type":"page","link":"https:\/\/evvo.pedf.cuni.cz\/index.php\/about\/","title":{"rendered":"O n\u00e1s"},"content":{"rendered":"<p>Centrum environment\u00e1ln\u00edho vzd\u011bl\u00e1v\u00e1n\u00ed a v\u00fdchovy (CEVV) bylo zalo\u017eeno v roce 1990 panem d\u011bkanem <span class=\" aw5Odc\"><a class=\"XqQF9c\" href=\"https:\/\/www.google.com\/url?q=https%3A%2F%2Fwww.csvs.cz%2Fwp-content%2Fuploads%2F2019%2F01%2F19-2006-4-jiri-kotasek.pdf&amp;sa=D&amp;sntz=1&amp;usg=AFQjCNEuofrOnLMq1LfeQE37jWkeDScEgA\" target=\"_blank\" rel=\"noopener\">prof. Ji\u0159\u00edm Kot\u00e1skem <\/a><\/span>na popud dr. Evy Li\u0161kov\u00e9. V roce 1990. Eva Li\u0161kov\u00e1 se stala tak\u00e9 jeho prvn\u00ed vedouc\u00ed, kterou byla a\u017e do roku 2006. Jeden rok byl vedouc\u00edm CEVV doc. V\u00e1clav Ziegler<\/p>\n<section id=\"h.7e3b0c03b0f3e49e_12\" class=\"yaqOZd\">\n<div class=\"mYVXT\">\n<div class=\"LS81yb VICjCf\" tabindex=\"-1\">\n<div class=\"hJDwNd-AhqUyc-uQSCkd purZT-AhqUyc-II5mzb pSzOP-AhqUyc-qWD73c JNdkSc\">\n<div class=\"JNdkSc-SmKAyb\">\n<div class=\"\">\n<div class=\"oKdM2c Kzv0Me\">\n<div id=\"h.7e3b0c03b0f3e49e_9\" class=\"hJDwNd-AhqUyc-uQSCkd jXK9ad D2fZ2 OjCsFc wHaque GNzUNc\">\n<div class=\"jXK9ad-SmKAyb\">\n<div class=\"tyJCtd mGzaTb baZpAe\">\n<p class=\"CDt4Ke zfr3Q\" dir=\"ltr\">V roce 2007 po odchodu V\u00e1clava Zieglera z katedry, byla veden\u00edm pov\u011b\u0159ena doc. <span class=\" aw5Odc\"><a class=\"XqQF9c\" href=\"https:\/\/www.google.com\/url?q=https%3A%2F%2Fsites.google.com%2Fview%2Fcevvpedfuk%2Fdomovsk%25C3%25A1-str%25C3%25A1nka&amp;sa=D&amp;sntz=1&amp;usg=AFQjCNELBS7ga0dLx1YgXECpG0QygB8eFw\" target=\"_blank\" rel=\"noopener\">Kate\u0159ina Jan\u010da\u0159\u00edkov\u00e1<\/a><\/span>, kterou 26.10.2009 prof. Radka Wildov\u00e1. do t\u00e9to funkce \u0159\u00e1dn\u011b jmenovala a kter\u00e1 je vedouc\u00ed CEVV dosud.<\/p>\n<p class=\"CDt4Ke zfr3Q\" dir=\"ltr\">CEVV na Pedagogick\u00e9 fakult\u011b UK zaji\u0161\u0165uje:<\/p>\n<p class=\"CDt4Ke zfr3Q\" dir=\"ltr\">a) v\u011bdeckou \u010dinnost,<br \/>\nb) kooperaci akademick\u00fdch pracovn\u00edk\u016f,<br \/>\nc) propojen\u00ed akademick\u00e9 sf\u00e9ry s M\u017dP a M\u0160MT, Pra\u017esk\u00fdm magistr\u00e1tem a se st\u0159edisky ekologick\u00e9 a environment\u00e1ln\u00ed v\u00fdchovy,<br \/>\nd) v\u00fduku p\u0159edm\u011bt\u016f obsahuj\u00edc\u00edch t\u00e9mata ekologie, problematika \u017eivotn\u00edho prost\u0159ed\u00ed, environmentalistika, environment\u00e1ln\u00ed v\u00fdchova a v\u00fdchova k udr\u017eiteln\u00e9mu rozvoji,<br \/>\ne) osv\u011btov\u011b vzd\u011bl\u00e1vac\u00ed akce, p\u0159edev\u0161\u00edm Sout\u011b\u017e o cenu d\u011bkana,<br \/>\nf) \u0159e\u0161en\u00ed projekt\u016f, p\u0159edev\u0161\u00edm Prvouk 02 &#8211; Environment\u00e1ln\u00ed v\u00fdzkum, Progres Q16 &#8211; Environment\u00e1ln\u00ed v\u00fdzkum.<\/p>\n<\/div>\n<\/div>\n<\/div>\n<\/div>\n<\/div>\n<\/div>\n<\/div>\n<\/div>\n<\/div>\n<\/section>\n","protected":false},"excerpt":{"rendered":"<p>Centrum environment\u00e1ln\u00edho vzd\u011bl\u00e1v\u00e1n\u00ed a v\u00fdchovy (CEVV) bylo zalo\u017eeno v roce 1990 panem d\u011bkanem prof. Ji\u0159\u00edm Kot\u00e1skem na popud dr. Evy Li\u0161kov\u00e9. V roce 1990. Eva Li\u0161kov\u00e1 se stala tak\u00e9 jeho prvn\u00ed vedouc\u00ed, kterou byla a\u017e do roku 2006. Jeden rok byl vedouc\u00edm CEVV doc. V\u00e1clav Ziegler V roce 2007 po odchodu V\u00e1clava Zieglera z katedry, byla veden\u00edm pov\u011b\u0159ena doc. Kate\u0159ina Jan\u010da\u0159\u00edkov\u00e1, kterou 26.10.2009 prof. Radka Wildov\u00e1. do t\u00e9to funkce \u0159\u00e1dn\u011b jmenovala a kter\u00e1 je vedouc\u00ed CEVV dosud. CEVV na Pedagogick\u00e9 fakult\u011b UK zaji\u0161\u0165uje: a) v\u011bdeckou \u010dinnost, b) kooperaci akademick\u00fdch pracovn\u00edk\u016f, c) propojen\u00ed akademick\u00e9 sf\u00e9ry s M\u017dP a M\u0160MT, Pra\u017esk\u00fdm magistr\u00e1tem a se st\u0159edisky ekologick\u00e9 a environment\u00e1ln\u00ed v\u00fdchovy, d) v\u00fduku p\u0159edm\u011bt\u016f obsahuj\u00edc\u00edch t\u00e9mata ekologie, problematika \u017eivotn\u00edho prost\u0159ed\u00ed, environmentalistika, environment\u00e1ln\u00ed v\u00fdchova a v\u00fdchova k udr\u017eiteln\u00e9mu rozvoji, e) osv\u011btov\u011b vzd\u011bl\u00e1vac\u00ed akce, p\u0159edev\u0161\u00edm Sout\u011b\u017e o cenu d\u011bkana, f) \u0159e\u0161en\u00ed projekt\u016f, p\u0159edev\u0161\u00edm Prvouk 02 &#8211; Environment\u00e1ln\u00ed v\u00fdzkum, Progres Q16 &#8211; Environment\u00e1ln\u00ed v\u00fdzkum.<\/p>\n","protected":false},"author":1,"featured_media":489,"parent":0,"menu_order":0,"comment_status":"closed","ping_status":"closed","template":"","meta":[],"_links":{"self":[{"href":"https:\/\/evvo.pedf.cuni.cz\/index.php\/wp-json\/wp\/v2\/pages\/44"}],"collection":[{"href":"https:\/\/evvo.pedf.cuni.cz\/index.php\/wp-json\/wp\/v2\/pages"}],"about":[{"href":"https:\/\/evvo.pedf.cuni.cz\/index.php\/wp-json\/wp\/v2\/types\/page"}],"author":[{"embeddable":true,"href":"https:\/\/evvo.pedf.cuni.cz\/index.php\/wp-json\/wp\/v2\/users\/1"}],"replies":[{"embeddable":true,"href":"https:\/\/evvo.pedf.cuni.cz\/index.php\/wp-json\/wp\/v2\/comments?post=44"}],"version-history":[{"count":4,"href":"https:\/\/evvo.pedf.cuni.cz\/index.php\/wp-json\/wp\/v2\/pages\/44\/revisions"}],"predecessor-version":[{"id":492,"href":"https:\/\/evvo.pedf.cuni.cz\/index.php\/wp-json\/wp\/v2\/pages\/44\/revisions\/492"}],"wp:featuredmedia":[{"embeddable":true,"href":"https:\/\/evvo.pedf.cuni.cz\/index.php\/wp-json\/wp\/v2\/media\/489"}],"wp:attachment":[{"href":"https:\/\/evvo.pedf.cuni.cz\/index.php\/wp-json\/wp\/v2\/media?parent=44"}],"curies":[{"name":"wp","href":"https:\/\/api.w.org\/{rel}","templated":true}]}}