{"id":42,"date":"2015-05-17T06:26:01","date_gmt":"2015-05-17T04:26:01","guid":{"rendered":"http:\/\/ahmad.works\/writing\/?page_id=42"},"modified":"2021-07-22T19:44:36","modified_gmt":"2021-07-22T17:44:36","slug":"contact","status":"publish","type":"page","link":"https:\/\/evvo.pedf.cuni.cz\/index.php\/contact\/","title":{"rendered":"Kontakt"},"content":{"rendered":"<p><b>Kontaktujte m\u011b:<\/b><\/p>\n<p>Nemus\u00edte se b\u00e1t, pokud byste cokoliv cht\u011bli v\u011bd\u011bt, obra\u0165te se na m\u011b. Pokus\u00edm se odpov\u011bd\u011bt v co nejkrat\u0161\u00edm \u010dase.<\/p>\n<div role=\"form\" class=\"wpcf7\" id=\"wpcf7-f129-o1\" lang=\"en-US\" dir=\"ltr\">\n<div class=\"screen-reader-response\"><p role=\"status\" aria-live=\"polite\" aria-atomic=\"true\"><\/p> <ul><\/ul><\/div>\n<form action=\"\/index.php\/wp-json\/wp\/v2\/pages\/42#wpcf7-f129-o1\" method=\"post\" class=\"wpcf7-form init\" novalidate=\"novalidate\" data-status=\"init\">\n<div style=\"display: none;\">\n<input type=\"hidden\" name=\"_wpcf7\" value=\"129\" \/>\n<input type=\"hidden\" name=\"_wpcf7_version\" value=\"5.4.1\" \/>\n<input type=\"hidden\" name=\"_wpcf7_locale\" value=\"en_US\" \/>\n<input type=\"hidden\" name=\"_wpcf7_unit_tag\" value=\"wpcf7-f129-o1\" \/>\n<input type=\"hidden\" name=\"_wpcf7_container_post\" value=\"0\" \/>\n<input type=\"hidden\" name=\"_wpcf7_posted_data_hash\" value=\"\" \/>\n<\/div>\n<p>Va\u0161e jm\u00e9no (povinn\u00e9)<br \/>\n    <span class=\"wpcf7-form-control-wrap your-name\"><input type=\"text\" name=\"your-name\" value=\"\" size=\"40\" class=\"wpcf7-form-control wpcf7-text wpcf7-validates-as-required\" aria-required=\"true\" aria-invalid=\"false\" \/><\/span> <\/p>\n<p>V\u00e1\u0161 e-mail (povinn\u00e9)<br \/>\n    <span class=\"wpcf7-form-control-wrap your-email\"><input type=\"email\" name=\"your-email\" value=\"\" size=\"40\" class=\"wpcf7-form-control wpcf7-text wpcf7-email wpcf7-validates-as-required wpcf7-validates-as-email\" aria-required=\"true\" aria-invalid=\"false\" \/><\/span> <\/p>\n<p>P\u0159edm\u011bt<br \/>\n    <span class=\"wpcf7-form-control-wrap your-subject\"><input type=\"text\" name=\"your-subject\" value=\"\" size=\"40\" class=\"wpcf7-form-control wpcf7-text\" aria-invalid=\"false\" \/><\/span> <\/p>\n<p>Va\u0161e zpr\u00e1va<br \/>\n    <span class=\"wpcf7-form-control-wrap your-message\"><textarea name=\"your-message\" cols=\"40\" rows=\"10\" class=\"wpcf7-form-control wpcf7-textarea\" aria-invalid=\"false\"><\/textarea><\/span> <\/p>\n<p><input type=\"submit\" value=\"Odeslat\" class=\"wpcf7-form-control wpcf7-submit\" \/><\/p>\n<div class=\"wpcf7-response-output\" aria-hidden=\"true\"><\/div><\/form><\/div>\n","protected":false},"excerpt":{"rendered":"<p>Kontaktujte m\u011b: Nemus\u00edte se b\u00e1t, pokud byste cokoliv cht\u011bli v\u011bd\u011bt, obra\u0165te se na m\u011b. Pokus\u00edm se odpov\u011bd\u011bt v co nejkrat\u0161\u00edm \u010dase.<\/p>\n","protected":false},"author":1,"featured_media":494,"parent":0,"menu_order":0,"comment_status":"closed","ping_status":"closed","template":"","meta":[],"_links":{"self":[{"href":"https:\/\/evvo.pedf.cuni.cz\/index.php\/wp-json\/wp\/v2\/pages\/42"}],"collection":[{"href":"https:\/\/evvo.pedf.cuni.cz\/index.php\/wp-json\/wp\/v2\/pages"}],"about":[{"href":"https:\/\/evvo.pedf.cuni.cz\/index.php\/wp-json\/wp\/v2\/types\/page"}],"author":[{"embeddable":true,"href":"https:\/\/evvo.pedf.cuni.cz\/index.php\/wp-json\/wp\/v2\/users\/1"}],"replies":[{"embeddable":true,"href":"https:\/\/evvo.pedf.cuni.cz\/index.php\/wp-json\/wp\/v2\/comments?post=42"}],"version-history":[{"count":4,"href":"https:\/\/evvo.pedf.cuni.cz\/index.php\/wp-json\/wp\/v2\/pages\/42\/revisions"}],"predecessor-version":[{"id":495,"href":"https:\/\/evvo.pedf.cuni.cz\/index.php\/wp-json\/wp\/v2\/pages\/42\/revisions\/495"}],"wp:featuredmedia":[{"embeddable":true,"href":"https:\/\/evvo.pedf.cuni.cz\/index.php\/wp-json\/wp\/v2\/media\/494"}],"wp:attachment":[{"href":"https:\/\/evvo.pedf.cuni.cz\/index.php\/wp-json\/wp\/v2\/media?parent=42"}],"curies":[{"name":"wp","href":"https:\/\/api.w.org\/{rel}","templated":true}]}}